{"id":6083,"date":"2021-04-12T11:24:18","date_gmt":"2021-04-12T11:24:18","guid":{"rendered":"https:\/\/www.visaversa.com\/customers\/"},"modified":"2023-09-11T14:56:21","modified_gmt":"2023-09-11T14:56:21","slug":"onze-klanten","status":"publish","type":"page","link":"https:\/\/www.visaversa.com\/nl\/onze-klanten\/","title":{"rendered":"Onze klanten"},"content":{"rendered":"\t\t<div data-elementor-type=\"wp-post\" data-elementor-id=\"6083\" class=\"elementor elementor-6083 elementor-6039\" data-elementor-post-type=\"page\">\n\t\t\t\t\t\t<section class=\"elementor-section elementor-top-section elementor-element elementor-element-d635c42 elementor-section-stretched elementor-section-full_width elementor-section-height-default elementor-section-height-default\" data-id=\"d635c42\" data-element_type=\"section\" data-e-type=\"section\" data-settings=\"{&quot;stretch_section&quot;:&quot;section-stretched&quot;}\">\n\t\t\t\t\t\t<div class=\"elementor-container elementor-column-gap-no\">\n\t\t\t\t\t<div class=\"elementor-column elementor-col-100 elementor-top-column elementor-element elementor-element-bd1ff5b\" data-id=\"bd1ff5b\" data-element_type=\"column\" data-e-type=\"column\">\n\t\t\t<div class=\"elementor-widget-wrap elementor-element-populated\">\n\t\t\t\t\t\t<div class=\"elementor-element elementor-element-16e242f elementor-widget elementor-widget-image\" data-id=\"16e242f\" data-element_type=\"widget\" data-e-type=\"widget\" data-widget_type=\"image.default\">\n\t\t\t\t<div class=\"elementor-widget-container\">\n\t\t\t\t\t\t\t\t\t\t\t\t\t\t\t<img fetchpriority=\"high\" decoding=\"async\" width=\"1920\" height=\"476\" src=\"https:\/\/www.visaversa.com\/wp-content\/uploads\/2021\/04\/content-header-1.jpg\" class=\"attachment-full size-full wp-image-6059 img-responsive img-shadow\" alt=\"\" srcset=\"https:\/\/www.visaversa.com\/wp-content\/uploads\/2021\/04\/content-header-1.jpg 1920w, https:\/\/www.visaversa.com\/wp-content\/uploads\/2021\/04\/content-header-1-300x74.jpg 300w, https:\/\/www.visaversa.com\/wp-content\/uploads\/2021\/04\/content-header-1-1024x254.jpg 1024w, https:\/\/www.visaversa.com\/wp-content\/uploads\/2021\/04\/content-header-1-768x190.jpg 768w, https:\/\/www.visaversa.com\/wp-content\/uploads\/2021\/04\/content-header-1-1536x381.jpg 1536w\" sizes=\"(max-width: 1920px) 100vw, 1920px\" \/>\t\t\t\t\t\t\t\t\t\t\t\t\t\t\t<\/div>\n\t\t\t\t<\/div>\n\t\t\t\t\t<\/div>\n\t\t<\/div>\n\t\t\t\t\t<\/div>\n\t\t<\/section>\n\t\t\t\t<section class=\"elementor-section elementor-top-section elementor-element elementor-element-945594e elementor-section-boxed elementor-section-height-default elementor-section-height-default\" data-id=\"945594e\" data-element_type=\"section\" data-e-type=\"section\">\n\t\t\t\t\t\t<div class=\"elementor-container elementor-column-gap-default\">\n\t\t\t\t\t<div class=\"elementor-column elementor-col-100 elementor-top-column elementor-element elementor-element-f6ce75b\" data-id=\"f6ce75b\" data-element_type=\"column\" data-e-type=\"column\">\n\t\t\t<div class=\"elementor-widget-wrap elementor-element-populated\">\n\t\t\t\t\t\t<div class=\"elementor-element elementor-element-0b81a3e elementor-widget elementor-widget-text-editor\" data-id=\"0b81a3e\" data-element_type=\"widget\" data-e-type=\"widget\" data-widget_type=\"text-editor.default\">\n\t\t\t\t<div class=\"elementor-widget-container\">\n\t\t\t\t\t\t\t\t\t<h1>CLI\u00cbNTEN<\/h1><p>In de afgelopen 15 jaar hebben we een zeer gevarieerde klantenkring opgebouwd. Dit zijn veelal Nederlandse bedrijven die een medewerker naar een andere (soms nieuw op te richten) vestiging willen overplaatsen. Naast overplaatsingen kan de visumaanvraag ook betrekking hebben op een eenmalige opdracht of werkzaamheden voor de duur van een project.<\/p><p>Onze cli\u00ebnten zijn actief in vele verschillende sectoren en vari\u00ebren in grootte van priv\u00e9-investeerders tot multinationals. Daarnaast assisteren wij ook vele anderen die een visum of werkvergunning nodig hebben: stagiaires\/trainees, skilled professionals, investeerders, artiesten, journalisten of mensen die een verblijfsvergunning aan willen vragen op basis van een huwelijk.<\/p>\t\t\t\t\t\t\t\t<\/div>\n\t\t\t\t<\/div>\n\t\t\t\t\t<\/div>\n\t\t<\/div>\n\t\t\t\t\t<\/div>\n\t\t<\/section>\n\t\t\t\t<section class=\"elementor-section elementor-top-section elementor-element elementor-element-61aeba6 elementor-section-boxed elementor-section-height-default elementor-section-height-default\" data-id=\"61aeba6\" data-element_type=\"section\" data-e-type=\"section\" data-settings=\"{&quot;background_background&quot;:&quot;classic&quot;}\">\n\t\t\t\t\t\t<div class=\"elementor-container elementor-column-gap-default\">\n\t\t\t\t\t<div class=\"elementor-column elementor-col-100 elementor-top-column elementor-element elementor-element-5b41c280\" data-id=\"5b41c280\" data-element_type=\"column\" data-e-type=\"column\">\n\t\t\t<div class=\"elementor-widget-wrap elementor-element-populated\">\n\t\t\t\t\t\t<div class=\"elementor-element elementor-element-37181e44 elementor-widget elementor-widget-visahub-heading\" data-id=\"37181e44\" data-element_type=\"widget\" data-e-type=\"widget\" data-widget_type=\"visahub-heading.default\">\n\t\t\t\t<div class=\"elementor-widget-container\">\n\t\t\t\t\t<div class=\"row\">\n\t\t\t\t\t    <div class=\"offset-xl-2 col-xl-8 offset-lg-2 col-lg-8 col-md-12 col-sm-12 col-12 text-center\">\n\t\t\t\t\t        <div class=\"section-heading\">\n\t\t\t\t\t        \t<h2 class=\"heading-main\">Bedrijven kiezen voor VisaVersa<\/h2>\n\t\t\t\t\t\t\t\t<p class=\"desc\">In de afgelopen 25 jaar hebben we veel ervaring opgedaan met het aanvragen van visa en werkvergunningen. Onze kennis en ervaring zorgt ervoor dat meer dan 99% van door ons ingediende visumaanvragen wordt goedgekeurd.<\/p>\n\t\t\t\t\t        <\/div>\n\t\t\t\t\t    <\/div>\n\t\t\t\t\t<\/div>\t\t\t\t<\/div>\n\t\t\t\t<\/div>\n\t\t\t\t\t<\/div>\n\t\t<\/div>\n\t\t\t\t\t<\/div>\n\t\t<\/section>\n\t\t\t\t<section class=\"elementor-section elementor-top-section elementor-element elementor-element-4e3004aa elementor-section-boxed elementor-section-height-default elementor-section-height-default\" data-id=\"4e3004aa\" data-element_type=\"section\" data-e-type=\"section\" data-settings=\"{&quot;background_background&quot;:&quot;classic&quot;}\">\n\t\t\t\t\t\t<div class=\"elementor-container elementor-column-gap-default\">\n\t\t\t\t\t<div class=\"elementor-column elementor-col-33 elementor-top-column elementor-element elementor-element-769e663a\" data-id=\"769e663a\" data-element_type=\"column\" data-e-type=\"column\">\n\t\t\t<div class=\"elementor-widget-wrap elementor-element-populated\">\n\t\t\t\t\t\t<div class=\"elementor-element elementor-element-5d592280 elementor-widget elementor-widget-visahub-features\" data-id=\"5d592280\" data-element_type=\"widget\" data-e-type=\"widget\" data-widget_type=\"visahub-features.default\">\n\t\t\t\t<div class=\"elementor-widget-container\">\n\t\t\t\t\t<div class=\"features-block\">\r\n\t\t\t\t\t    <div class=\"features-icon\"><i class=\"fa fa-question\"><\/i><\/div> <h3 class=\"mb-4 font-weight-bold\">Advies over de keuze van het visum<\/h3> <p>We streven ernaar om onze klanten een zo volledige mogelijk overzicht te geven van de verschillende visumopties binnen de geldende immigratiewetgeving. Vervolgens starten we een aanvraag die het beste aansluit bij de wensen van zowel bedrijf als werknemer (op korte en lange termijn). <\/p>\r\n\t\t\t\t\t <\/div>\t\t\t\t<\/div>\n\t\t\t\t<\/div>\n\t\t\t\t\t<\/div>\n\t\t<\/div>\n\t\t\t\t<div class=\"elementor-column elementor-col-33 elementor-top-column elementor-element elementor-element-14f8e99a\" data-id=\"14f8e99a\" data-element_type=\"column\" data-e-type=\"column\">\n\t\t\t<div class=\"elementor-widget-wrap elementor-element-populated\">\n\t\t\t\t\t\t<div class=\"elementor-element elementor-element-3077f44b elementor-widget elementor-widget-visahub-features\" data-id=\"3077f44b\" data-element_type=\"widget\" data-e-type=\"widget\" data-widget_type=\"visahub-features.default\">\n\t\t\t\t<div class=\"elementor-widget-container\">\n\t\t\t\t\t<div class=\"features-block\">\r\n\t\t\t\t\t    <div class=\"features-icon\"><i class=\"fa fa-address-card\"><\/i><\/div> <h3 class=\"mb-4 font-weight-bold\">Samenstellen van de visumaanvraag<\/h3> <p>In de wet- en regelgeving staat vaak niet in detail aangegeven welke aanvullende documentatie nodig is bij de aanvraag van een visum. Onze jarenlange kennis en ervaring zorgt ervoor dat we goed kunnen aangeven welke documentatie vereist is van de cli\u00ebnt, zodat een aanvraag zo compleet mogelijk wordt ingediend bij de betreffende overheidsinstantie.<\/p>\r\n\t\t\t\t\t <\/div>\t\t\t\t<\/div>\n\t\t\t\t<\/div>\n\t\t\t\t\t<\/div>\n\t\t<\/div>\n\t\t\t\t<div class=\"elementor-column elementor-col-33 elementor-top-column elementor-element elementor-element-7f67dbda\" data-id=\"7f67dbda\" data-element_type=\"column\" data-e-type=\"column\">\n\t\t\t<div class=\"elementor-widget-wrap elementor-element-populated\">\n\t\t\t\t\t\t<div class=\"elementor-element elementor-element-14fa58b7 elementor-widget elementor-widget-visahub-features\" data-id=\"14fa58b7\" data-element_type=\"widget\" data-e-type=\"widget\" data-widget_type=\"visahub-features.default\">\n\t\t\t\t<div class=\"elementor-widget-container\">\n\t\t\t\t\t<div class=\"features-block\">\r\n\t\t\t\t\t    <div class=\"features-icon\"><i class=\"fa fa-comments-o\"><\/i><\/div> <h3 class=\"mb-4 font-weight-bold\">Begeleiding gedurende de gehele aanvraagprocedure<\/h3> <p>Afhankelijk van het type visum kan een aanvraagprocedure enige weken tot vele maanden (en soms jaren) in beslag nemen. We begeleiden onze klanten bij het verzamelen van de benodigde informatie en het plannen van de te ondernemen stappen, zodat de aanvrager binnen zo kort mogelijke termijn naar het land van bestemming kan vertrekken.<\/p>\r\n\t\t\t\t\t <\/div>\t\t\t\t<\/div>\n\t\t\t\t<\/div>\n\t\t\t\t\t<\/div>\n\t\t<\/div>\n\t\t\t\t\t<\/div>\n\t\t<\/section>\n\t\t\t\t<section class=\"elementor-section elementor-top-section elementor-element elementor-element-4ed6e56d elementor-section-boxed elementor-section-height-default elementor-section-height-default\" data-id=\"4ed6e56d\" data-element_type=\"section\" data-e-type=\"section\" data-settings=\"{&quot;background_background&quot;:&quot;classic&quot;}\">\n\t\t\t\t\t\t<div class=\"elementor-container elementor-column-gap-default\">\n\t\t\t\t\t<div class=\"elementor-column elementor-col-33 elementor-top-column elementor-element elementor-element-2d3c11fa\" data-id=\"2d3c11fa\" data-element_type=\"column\" data-e-type=\"column\">\n\t\t\t<div class=\"elementor-widget-wrap elementor-element-populated\">\n\t\t\t\t\t\t<div class=\"elementor-element elementor-element-268ec92b elementor-widget elementor-widget-visahub-features\" data-id=\"268ec92b\" data-element_type=\"widget\" data-e-type=\"widget\" data-widget_type=\"visahub-features.default\">\n\t\t\t\t<div class=\"elementor-widget-container\">\n\t\t\t\t\t<div class=\"features-block\">\r\n\t\t\t\t\t    <div class=\"features-icon\"><i class=\"fa fa-money\"><\/i><\/div> <h3 class=\"mb-4 font-weight-bold\">Duidelijke kosten<\/h3> <p>We maken duidelijke afspraken over de kosten van onze dienstverlening. Deze kosten zijn altijd vastgelegd in een schriftelijke opdrachtbevestiging. Wij werken bij vrijwel alle aanvragen op basis van een \u2018flat fee\u2019. Een cli\u00ebnt is van tevoren op de hoogte van de kosten voor de gehele visumaanvraag.<\/p>\r\n\t\t\t\t\t <\/div>\t\t\t\t<\/div>\n\t\t\t\t<\/div>\n\t\t\t\t\t<\/div>\n\t\t<\/div>\n\t\t\t\t<div class=\"elementor-column elementor-col-33 elementor-top-column elementor-element elementor-element-7ce5adae\" data-id=\"7ce5adae\" data-element_type=\"column\" data-e-type=\"column\">\n\t\t\t<div class=\"elementor-widget-wrap elementor-element-populated\">\n\t\t\t\t\t\t<div class=\"elementor-element elementor-element-70d84d00 elementor-widget elementor-widget-visahub-features\" data-id=\"70d84d00\" data-element_type=\"widget\" data-e-type=\"widget\" data-widget_type=\"visahub-features.default\">\n\t\t\t\t<div class=\"elementor-widget-container\">\n\t\t\t\t\t<div class=\"features-block\">\r\n\t\t\t\t\t    <div class=\"features-icon\"><i class=\"fa fa-plane\"><\/i><\/div> <h3 class=\"mb-4 font-weight-bold\">Geldigheidsdata visum inzichtelijk<\/h3> <p>Voor al onze cli\u00ebnten houden we de geldigheidsdata van het visum bij en geven we tijdig aan wanneer de procedure om het visum te verlengen opgestart moet worden.<\/p>\r\n\t\t\t\t\t <\/div>\t\t\t\t<\/div>\n\t\t\t\t<\/div>\n\t\t\t\t\t<\/div>\n\t\t<\/div>\n\t\t\t\t<div class=\"elementor-column elementor-col-33 elementor-top-column elementor-element elementor-element-204966f8\" data-id=\"204966f8\" data-element_type=\"column\" data-e-type=\"column\">\n\t\t\t<div class=\"elementor-widget-wrap elementor-element-populated\">\n\t\t\t\t\t\t<div class=\"elementor-element elementor-element-46052cf6 elementor-widget elementor-widget-visahub-features\" data-id=\"46052cf6\" data-element_type=\"widget\" data-e-type=\"widget\" data-widget_type=\"visahub-features.default\">\n\t\t\t\t<div class=\"elementor-widget-container\">\n\t\t\t\t\t<div class=\"features-block\">\r\n\t\t\t\t\t    <div class=\"features-icon\"><i class=\"fa fa-calendar-check-o\"><\/i><\/div> <h3 class=\"mb-4 font-weight-bold\">Maatwerk Expat Policy<\/h3> <p>Voor bedrijven die regelmatig medewerkers uitzenden kunnen we assisteren bij het opstellen van een expat policy waarin wordt vastgelegd voor welke werkzaamheden een visum aangevraagd moet worden en welke medewerkers hiervoor in aanmerking kunnen komen.<\/p>\r\n\t\t\t\t\t <\/div>\t\t\t\t<\/div>\n\t\t\t\t<\/div>\n\t\t\t\t\t<\/div>\n\t\t<\/div>\n\t\t\t\t\t<\/div>\n\t\t<\/section>\n\t\t\t\t<section class=\"elementor-section elementor-top-section elementor-element elementor-element-30c03678 form elementor-section-boxed elementor-section-height-default elementor-section-height-default\" data-id=\"30c03678\" data-element_type=\"section\" data-e-type=\"section\" id=\"form\" data-settings=\"{&quot;background_background&quot;:&quot;classic&quot;}\">\n\t\t\t\t\t\t<div class=\"elementor-container elementor-column-gap-default\">\n\t\t\t\t\t<div class=\"elementor-column elementor-col-100 elementor-top-column elementor-element elementor-element-55d309c1\" data-id=\"55d309c1\" data-element_type=\"column\" data-e-type=\"column\">\n\t\t\t<div class=\"elementor-widget-wrap elementor-element-populated\">\n\t\t\t\t\t\t<div class=\"elementor-element elementor-element-29ce3cd6 elementor-widget elementor-widget-visahub-heading\" data-id=\"29ce3cd6\" data-element_type=\"widget\" data-e-type=\"widget\" data-widget_type=\"visahub-heading.default\">\n\t\t\t\t<div class=\"elementor-widget-container\">\n\t\t\t\t\t<div class=\"row\">\n\t\t\t\t\t    <div class=\"offset-xl-2 col-xl-8 offset-lg-2 col-lg-8 col-md-12 col-sm-12 col-12 text-center\">\n\t\t\t\t\t        <div class=\"section-heading\">\n\t\t\t\t\t        \t<h2 class=\"heading-main\">Neem contact met ons op<\/h2>\n\t\t\t\t\t\t\t\t<p class=\"desc\">Bent u op zoek naar een visa voor uzelf of uw werknemers? Neem contact met ons op via 078-7518450  of via het online formulier<\/p>\n\t\t\t\t\t        <\/div>\n\t\t\t\t\t    <\/div>\n\t\t\t\t\t<\/div>\t\t\t\t<\/div>\n\t\t\t\t<\/div>\n\t\t\t\t\t<\/div>\n\t\t<\/div>\n\t\t\t\t\t<\/div>\n\t\t<\/section>\n\t\t\t\t<section class=\"elementor-section elementor-top-section elementor-element elementor-element-7392d21f elementor-section-boxed elementor-section-height-default elementor-section-height-default\" data-id=\"7392d21f\" data-element_type=\"section\" data-e-type=\"section\" data-settings=\"{&quot;background_background&quot;:&quot;classic&quot;}\">\n\t\t\t\t\t\t<div class=\"elementor-container elementor-column-gap-default\">\n\t\t\t\t\t<div class=\"elementor-column elementor-col-50 elementor-top-column elementor-element elementor-element-46b578cc\" data-id=\"46b578cc\" data-element_type=\"column\" data-e-type=\"column\">\n\t\t\t<div class=\"elementor-widget-wrap elementor-element-populated\">\n\t\t\t\t\t\t<div class=\"elementor-element elementor-element-328db30f elementor-widget elementor-widget-shortcode\" data-id=\"328db30f\" data-element_type=\"widget\" data-e-type=\"widget\" data-widget_type=\"shortcode.default\">\n\t\t\t\t<div class=\"elementor-widget-container\">\n\t\t\t\t\t\t\t<div class=\"elementor-shortcode\">\n<div class=\"wpcf7 no-js\" id=\"wpcf7-f5487-o1\" lang=\"en-US\" dir=\"ltr\" data-wpcf7-id=\"5487\">\n<div class=\"screen-reader-response\"><p role=\"status\" aria-live=\"polite\" aria-atomic=\"true\"><\/p> <ul><\/ul><\/div>\n<form action=\"\/nl\/wp-json\/wp\/v2\/pages\/6083#wpcf7-f5487-o1\" method=\"post\" class=\"wpcf7-form init\" aria-label=\"Contact form\" novalidate=\"novalidate\" data-status=\"init\">\n<fieldset class=\"hidden-fields-container\"><input type=\"hidden\" name=\"_wpcf7\" value=\"5487\" \/><input type=\"hidden\" name=\"_wpcf7_version\" value=\"6.1.5\" \/><input type=\"hidden\" name=\"_wpcf7_locale\" value=\"en_US\" \/><input type=\"hidden\" name=\"_wpcf7_unit_tag\" value=\"wpcf7-f5487-o1\" \/><input type=\"hidden\" name=\"_wpcf7_container_post\" value=\"0\" \/><input type=\"hidden\" name=\"_wpcf7_posted_data_hash\" value=\"\" \/><input type=\"hidden\" name=\"_wpcf7_recaptcha_response\" value=\"\" \/>\n<\/fieldset>\n<div class=\"form-row\">\n\t<div class=\"form-group col-md-6\">\n\t\t<p><label class=\"control-label sr-only\" for=\"yourname\">Your Name<\/label>\n\t\t<\/p>\n\t\t<div class=\"\">\n\t\t\t<p><span class=\"wpcf7-form-control-wrap\" data-name=\"YourName\"><input size=\"40\" maxlength=\"400\" class=\"wpcf7-form-control wpcf7-text wpcf7-validates-as-required form-control\" id=\"yourname\" aria-required=\"true\" aria-invalid=\"false\" value=\"Uw naam\" type=\"text\" name=\"YourName\" \/><\/span>\n\t\t\t<\/p>\n\t\t<\/div>\n\t<\/div>\n\t<div class=\"form-group col-md-6\">\n\t\t<p><label class=\"control-label sr-only\" for=\"email\">Email<\/label>\n\t\t<\/p>\n\t\t<div class=\"\">\n\t\t\t<p><span class=\"wpcf7-form-control-wrap\" data-name=\"email\"><input size=\"40\" maxlength=\"400\" class=\"wpcf7-form-control wpcf7-email wpcf7-validates-as-required wpcf7-text wpcf7-validates-as-email form-control\" id=\"email\" aria-required=\"true\" aria-invalid=\"false\" value=\"Uw emailadres\" type=\"email\" name=\"email\" \/><\/span>\n\t\t\t<\/p>\n\t\t<\/div>\n\t<\/div>\n\t<div class=\"form-group col-md-6\">\n\t\t<p><label class=\"control-label sr-only\" for=\"bedrijfsnaam\">Bedrijfsnaam<\/label>\n\t\t<\/p>\n\t\t<div class=\"\">\n\t\t\t<p><span class=\"wpcf7-form-control-wrap\" data-name=\"Bedrijfsnaam\"><input size=\"40\" maxlength=\"400\" class=\"wpcf7-form-control wpcf7-text wpcf7-validates-as-required form-control\" id=\"bedrijfsnaam\" aria-required=\"true\" aria-invalid=\"false\" value=\"Bedrijfsnaam\" type=\"text\" name=\"Bedrijfsnaam\" \/><\/span>\n\t\t\t<\/p>\n\t\t<\/div>\n\t<\/div>\n\t<div class=\"form-group col-md-6\">\n\t\t<p><label class=\"control-label sr-only\" for=\"mobile\">Mobile No<\/label>\n\t\t<\/p>\n\t\t<div class=\"\">\n\t\t\t<p><span class=\"wpcf7-form-control-wrap\" data-name=\"MobileNumber\"><input size=\"40\" maxlength=\"400\" class=\"wpcf7-form-control wpcf7-text wpcf7-validates-as-required form-control\" id=\"mobileno\" aria-required=\"true\" aria-invalid=\"false\" value=\"Uw telefoonnummer\" type=\"text\" name=\"MobileNumber\" \/><\/span>\n\t\t\t<\/p>\n\t\t<\/div>\n\t<\/div>\n\t<div class=\"form-group col-md-6\">\n\t\t<p><label for=\"selectvisa\" class=\"sr-only\">Select Visa<\/label><span class=\"wpcf7-form-control-wrap\" data-name=\"selectvisa\"><select class=\"wpcf7-form-control wpcf7-select wpcf7-validates-as-required form-control\" id=\"selectvisa\" aria-required=\"true\" aria-invalid=\"false\" name=\"selectvisa\"><option value=\"Land van interesse\">Land van interesse<\/option><option value=\"Amerika\">Amerika<\/option><option value=\"Australi\u00eb\">Australi\u00eb<\/option><option value=\"Nederland\">Nederland<\/option><option value=\"Nieuw-Zeeland\">Nieuw-Zeeland<\/option><option value=\"Verenigd Koninkrijk\">Verenigd Koninkrijk<\/option><\/select><\/span>\n\t\t<\/p>\n\t<\/div>\n\t<div class=\"form-group col-md-12\">\n\t\t<p><label class=\"control-label sr-only\" for=\"message\">Uw vraag<\/label>\n\t\t<\/p>\n\t\t<div class=\"\">\n\t\t\t<p><span class=\"wpcf7-form-control-wrap\" data-name=\"Message\"><textarea cols=\"40\" rows=\"4\" maxlength=\"2000\" class=\"wpcf7-form-control wpcf7-textarea wpcf7-validates-as-required form-control\" id=\"message\" aria-required=\"true\" aria-invalid=\"false\" name=\"Message\">Uw vraag<\/textarea><\/span>\n\t\t\t<\/p>\n\t\t<\/div>\n\t<\/div>\n\t<div class=\"col-md-12\">\n\t\t<p><input class=\"wpcf7-form-control wpcf7-submit has-spinner btn btn-default btn-lg btn-block\" type=\"submit\" value=\"Boek een gratis eerste gesprek\" \/>\n\t\t<\/p>\n\t<\/div>\n<\/div><div class=\"wpcf7-response-output\" aria-hidden=\"true\"><\/div>\n<\/form>\n<\/div>\n<\/div>\n\t\t\t\t\t\t<\/div>\n\t\t\t\t<\/div>\n\t\t\t\t\t<\/div>\n\t\t<\/div>\n\t\t\t\t<div class=\"elementor-column elementor-col-25 elementor-top-column elementor-element elementor-element-6964d7f7\" data-id=\"6964d7f7\" data-element_type=\"column\" data-e-type=\"column\">\n\t\t\t<div class=\"elementor-widget-wrap elementor-element-populated\">\n\t\t\t\t\t\t<div class=\"elementor-element elementor-element-3dd445f0 elementor-widget elementor-widget-visahub-iconbox\" data-id=\"3dd445f0\" data-element_type=\"widget\" data-e-type=\"widget\" data-widget_type=\"visahub-iconbox.default\">\n\t\t\t\t<div class=\"elementor-widget-container\">\n\t\t\t\t\t<div class=\"call-box text-center\"> <div><i class=\"fa fa-phone fa-3x mb30\"><\/i><\/div> <h3 class=\"text-white mb10\">078-7518450\n<\/h3> <p><p style=\"color:#FFFFFF\">Maandag t\/m vrijdag<br>\n9:00 uur - 17:30 uur<\/br><\/p><\/p> <a href=\"\/nl\/contact\" class=\"btn btn-primary\">Contact<\/a> <\/div>\t\t\t\t<\/div>\n\t\t\t\t<\/div>\n\t\t\t\t\t<\/div>\n\t\t<\/div>\n\t\t\t\t<div class=\"elementor-column elementor-col-25 elementor-top-column elementor-element elementor-element-60a2d748\" data-id=\"60a2d748\" data-element_type=\"column\" data-e-type=\"column\">\n\t\t\t<div class=\"elementor-widget-wrap elementor-element-populated\">\n\t\t\t\t\t\t<div class=\"elementor-element elementor-element-53c9171f elementor-widget elementor-widget-visahub-iconbox\" data-id=\"53c9171f\" data-element_type=\"widget\" data-e-type=\"widget\" data-widget_type=\"visahub-iconbox.default\">\n\t\t\t\t<div class=\"elementor-widget-container\">\n\t\t\t\t\t<div class=\"call-box text-center\"> <div><i class=\"fa fa-linkedin fa-3x mb30\"><\/i><\/div> <h3 class=\"text-white mb10\">Linked-In<\/h3> <p><p style=\"color:#FFFFFF\">Het laatste nieuws<\/br>& webinars<\/p><\/p> <a href=\"https:\/\/nl.linkedin.com\/company\/visaversa\" class=\"btn btn-primary\">Volg ons<\/a> <\/div>\t\t\t\t<\/div>\n\t\t\t\t<\/div>\n\t\t\t\t\t<\/div>\n\t\t<\/div>\n\t\t\t\t\t<\/div>\n\t\t<\/section>\n\t\t\t\t<\/div>\n\t\t","protected":false},"excerpt":{"rendered":"<p>CLI\u00cbNTEN In de afgelopen 15 jaar hebben we een zeer gevarieerde klantenkring opgebouwd. Dit zijn veelal Nederlandse bedrijven die een medewerker naar een andere (soms nieuw op te richten) vestiging willen overplaatsen. Naast overplaatsingen kan de visumaanvraag ook betrekking hebben op een eenmalige opdracht of werkzaamheden voor de duur van een project. Onze cli\u00ebnten zijn [&hellip;]<\/p>\n","protected":false},"author":1,"featured_media":0,"parent":0,"menu_order":0,"comment_status":"closed","ping_status":"closed","template":"elementor_header_footer","meta":{"om_disable_all_campaigns":false,"_uf_show_specific_survey":0,"_uf_disable_surveys":false,"footnotes":""},"class_list":["post-6083","page","type-page","status-publish","hentry"],"aioseo_notices":[],"_links":{"self":[{"href":"https:\/\/www.visaversa.com\/nl\/wp-json\/wp\/v2\/pages\/6083","targetHints":{"allow":["GET"]}}],"collection":[{"href":"https:\/\/www.visaversa.com\/nl\/wp-json\/wp\/v2\/pages"}],"about":[{"href":"https:\/\/www.visaversa.com\/nl\/wp-json\/wp\/v2\/types\/page"}],"author":[{"embeddable":true,"href":"https:\/\/www.visaversa.com\/nl\/wp-json\/wp\/v2\/users\/1"}],"replies":[{"embeddable":true,"href":"https:\/\/www.visaversa.com\/nl\/wp-json\/wp\/v2\/comments?post=6083"}],"version-history":[{"count":0,"href":"https:\/\/www.visaversa.com\/nl\/wp-json\/wp\/v2\/pages\/6083\/revisions"}],"wp:attachment":[{"href":"https:\/\/www.visaversa.com\/nl\/wp-json\/wp\/v2\/media?parent=6083"}],"curies":[{"name":"wp","href":"https:\/\/api.w.org\/{rel}","templated":true}]}}